{"id":1075,"date":"2025-02-03T08:43:56","date_gmt":"2025-02-03T08:43:56","guid":{"rendered":"https:\/\/unilog.hr\/ueber-uns\/"},"modified":"2025-02-04T14:35:55","modified_gmt":"2025-02-04T14:35:55","slug":"ueber-uns","status":"publish","type":"page","link":"https:\/\/unilog.hr\/de\/ueber-uns\/","title":{"rendered":"\u00dcber uns"},"content":{"rendered":"\t\t<div data-elementor-type=\"wp-page\" data-elementor-id=\"1075\" class=\"elementor elementor-1075 elementor-866\" data-elementor-post-type=\"page\">\n\t\t\t\t\t\t<section class=\"has_ae_slider elementor-section elementor-top-section elementor-element elementor-element-968dcfa elementor-section-boxed elementor-section-height-default elementor-section-height-default ae-bg-gallery-type-default\" data-id=\"968dcfa\" data-element_type=\"section\" data-settings=\"{&quot;background_background&quot;:&quot;classic&quot;,&quot;shape_divider_bottom&quot;:&quot;tilt&quot;}\">\n\t\t\t\t\t\t\t<div class=\"elementor-background-overlay\"><\/div>\n\t\t\t\t\t\t<div class=\"elementor-shape elementor-shape-bottom\" data-negative=\"false\">\n\t\t\t<svg xmlns=\"http:\/\/www.w3.org\/2000\/svg\" viewBox=\"0 0 1000 100\" preserveAspectRatio=\"none\">\n\t<path class=\"elementor-shape-fill\" d=\"M0,6V0h1000v100L0,6z\"\/>\n<\/svg>\t\t<\/div>\n\t\t\t\t\t<div class=\"elementor-container elementor-column-gap-default\">\n\t\t\t\t\t<div class=\"has_ae_slider elementor-column elementor-col-100 elementor-top-column elementor-element elementor-element-9e3e656 ae-bg-gallery-type-default\" data-id=\"9e3e656\" data-element_type=\"column\">\n\t\t\t<div class=\"elementor-widget-wrap elementor-element-populated\">\n\t\t\t\t\t\t<div class=\"elementor-element elementor-element-22b8d65 elementor-widget elementor-widget-text-editor\" data-id=\"22b8d65\" data-element_type=\"widget\" data-widget_type=\"text-editor.default\">\n\t\t\t\t<div class=\"elementor-widget-container\">\n\t\t\t\t\t\t\t\t\t\u00dcber uns\t\t\t\t\t\t\t\t<\/div>\n\t\t\t\t<\/div>\n\t\t\t\t<section class=\"has_ae_slider elementor-section elementor-inner-section elementor-element elementor-element-49f061b elementor-section-content-middle elementor-section-boxed elementor-section-height-default elementor-section-height-default ae-bg-gallery-type-default\" data-id=\"49f061b\" data-element_type=\"section\">\n\t\t\t\t\t\t<div class=\"elementor-container elementor-column-gap-default\">\n\t\t\t\t\t<div class=\"has_ae_slider elementor-column elementor-col-100 elementor-inner-column elementor-element elementor-element-7db931c ae-bg-gallery-type-default\" data-id=\"7db931c\" data-element_type=\"column\">\n\t\t\t<div class=\"elementor-widget-wrap elementor-element-populated\">\n\t\t\t\t\t\t<div class=\"elementor-element elementor-element-bc1a90f elementor-widget__width-auto elementor-widget elementor-widget-button\" data-id=\"bc1a90f\" data-element_type=\"widget\" data-widget_type=\"button.default\">\n\t\t\t\t<div class=\"elementor-widget-container\">\n\t\t\t\t\t\t\t\t\t<div class=\"elementor-button-wrapper\">\n\t\t\t\t\t<a class=\"elementor-button elementor-button-link elementor-size-sm\" href=\"https:\/\/unilog.hr\/de\/\">\n\t\t\t\t\t\t<span class=\"elementor-button-content-wrapper\">\n\t\t\t\t\t\t\t\t\t<span class=\"elementor-button-text\">Startseite<\/span>\n\t\t\t\t\t<\/span>\n\t\t\t\t\t<\/a>\n\t\t\t\t<\/div>\n\t\t\t\t\t\t\t\t<\/div>\n\t\t\t\t<\/div>\n\t\t\t\t<div class=\"elementor-element elementor-element-3238994 elementor-widget__width-auto elementor-view-default elementor-widget elementor-widget-icon\" data-id=\"3238994\" data-element_type=\"widget\" data-widget_type=\"icon.default\">\n\t\t\t\t<div class=\"elementor-widget-container\">\n\t\t\t\t\t\t\t<div class=\"elementor-icon-wrapper\">\n\t\t\t<div class=\"elementor-icon\">\n\t\t\t<svg aria-hidden=\"true\" class=\"e-font-icon-svg e-fas-angle-right\" viewBox=\"0 0 256 512\" xmlns=\"http:\/\/www.w3.org\/2000\/svg\"><path d=\"M224.3 273l-136 136c-9.4 9.4-24.6 9.4-33.9 0l-22.6-22.6c-9.4-9.4-9.4-24.6 0-33.9l96.4-96.4-96.4-96.4c-9.4-9.4-9.4-24.6 0-33.9L54.3 103c9.4-9.4 24.6-9.4 33.9 0l136 136c9.5 9.4 9.5 24.6.1 34z\"><\/path><\/svg>\t\t\t<\/div>\n\t\t<\/div>\n\t\t\t\t\t\t<\/div>\n\t\t\t\t<\/div>\n\t\t\t\t<div class=\"elementor-element elementor-element-ac73961 elementor-widget__width-auto elementor-widget elementor-widget-text-editor\" data-id=\"ac73961\" data-element_type=\"widget\" data-widget_type=\"text-editor.default\">\n\t\t\t\t<div class=\"elementor-widget-container\">\n\t\t\t\t\t\t\t\t\t\u00dcber uns\t\t\t\t\t\t\t\t<\/div>\n\t\t\t\t<\/div>\n\t\t\t\t\t<\/div>\n\t\t<\/div>\n\t\t\t\t\t<\/div>\n\t\t<\/section>\n\t\t\t\t\t<\/div>\n\t\t<\/div>\n\t\t\t\t\t<\/div>\n\t\t<\/section>\n\t\t\t\t<section class=\"has_ae_slider elementor-section elementor-top-section elementor-element elementor-element-1827bf4 elementor-section-content-middle elementor-section-boxed elementor-section-height-default elementor-section-height-default ae-bg-gallery-type-default\" data-id=\"1827bf4\" data-element_type=\"section\">\n\t\t\t\t\t\t<div class=\"elementor-container elementor-column-gap-default\">\n\t\t\t\t\t<div class=\"has_ae_slider elementor-column elementor-col-50 elementor-top-column elementor-element elementor-element-460b407 ae-bg-gallery-type-default\" data-id=\"460b407\" data-element_type=\"column\">\n\t\t\t<div class=\"elementor-widget-wrap elementor-element-populated\">\n\t\t\t\t\t\t<div class=\"elementor-element elementor-element-53f5dc1 elementor-widget elementor-widget-heading\" data-id=\"53f5dc1\" data-element_type=\"widget\" data-widget_type=\"heading.default\">\n\t\t\t\t<div class=\"elementor-widget-container\">\n\t\t\t\t\t<h2 class=\"elementor-heading-title elementor-size-default\">\u00dcber uns<\/h2>\t\t\t\t<\/div>\n\t\t\t\t<\/div>\n\t\t\t\t<div class=\"elementor-element elementor-element-799e84d tekst elementor-widget__width-initial elementor-widget elementor-widget-text-editor\" data-id=\"799e84d\" data-element_type=\"widget\" data-widget_type=\"text-editor.default\">\n\t\t\t\t<div class=\"elementor-widget-container\">\n\t\t\t\t\t\t\t\t\t<p>Unilog d.o.o. ist ein Unternehmen, das erfolgreich im Logistik- und Transportsektor t\u00e4tig ist.<\/p><p>Wir sind auf die Bereitstellung von Logistikl\u00f6sungen spezialisiert, die Warentransport, Lagerung und Vertrieb umfassen und auf die Bed\u00fcrfnisse unserer Kunden zugeschnitten sind. Dank langj\u00e4hriger Erfahrung und einem professionellen und engagierten Team k\u00f6nnen wir eine zuverl\u00e4ssige, sichere und p\u00fcnktliche Lieferung auf dem nationalen und internationalen Markt gew\u00e4hrleisten.<\/p><p>Unser Ziel ist es, Logistikprozesse zu optimieren, um unseren Kunden Effizienz und Wettbewerbsvorteile in ihrem Gesch\u00e4ft zu verschaffen.<\/p>\t\t\t\t\t\t\t\t<\/div>\n\t\t\t\t<\/div>\n\t\t\t\t\t<\/div>\n\t\t<\/div>\n\t\t\t\t<div class=\"has_ae_slider elementor-column elementor-col-50 elementor-top-column elementor-element elementor-element-005ec69 ae-bg-gallery-type-default\" data-id=\"005ec69\" data-element_type=\"column\">\n\t\t\t<div class=\"elementor-widget-wrap elementor-element-populated\">\n\t\t\t\t\t\t<div class=\"elementor-element elementor-element-2c876ba elementor-widget elementor-widget-image\" data-id=\"2c876ba\" data-element_type=\"widget\" data-widget_type=\"image.default\">\n\t\t\t\t<div class=\"elementor-widget-container\">\n\t\t\t\t\t\t\t\t\t\t\t\t\t\t\t<img fetchpriority=\"high\" decoding=\"async\" width=\"800\" height=\"188\" src=\"https:\/\/unilog.hr\/wp-content\/uploads\/2025\/02\/unilog-logo-1024x240.png\" class=\"attachment-large size-large wp-image-785\" alt=\"\" srcset=\"https:\/\/unilog.hr\/wp-content\/uploads\/2025\/02\/unilog-logo-1024x240.png 1024w, https:\/\/unilog.hr\/wp-content\/uploads\/2025\/02\/unilog-logo-300x70.png 300w, https:\/\/unilog.hr\/wp-content\/uploads\/2025\/02\/unilog-logo-768x180.png 768w, https:\/\/unilog.hr\/wp-content\/uploads\/2025\/02\/unilog-logo-1536x360.png 1536w, https:\/\/unilog.hr\/wp-content\/uploads\/2025\/02\/unilog-logo.png 2000w\" sizes=\"(max-width: 800px) 100vw, 800px\" \/>\t\t\t\t\t\t\t\t\t\t\t\t\t\t\t<\/div>\n\t\t\t\t<\/div>\n\t\t\t\t\t<\/div>\n\t\t<\/div>\n\t\t\t\t\t<\/div>\n\t\t<\/section>\n\t\t\t\t<section class=\"has_ae_slider elementor-section elementor-top-section elementor-element elementor-element-956693d elementor-section-boxed elementor-section-height-default elementor-section-height-default ae-bg-gallery-type-default\" data-id=\"956693d\" data-element_type=\"section\">\n\t\t\t\t\t\t<div class=\"elementor-container elementor-column-gap-default\">\n\t\t\t\t\t<div class=\"has_ae_slider elementor-column elementor-col-33 elementor-top-column elementor-element elementor-element-24c1f59 ae-bg-gallery-type-default\" data-id=\"24c1f59\" data-element_type=\"column\">\n\t\t\t<div class=\"elementor-widget-wrap elementor-element-populated\">\n\t\t\t\t\t\t<div class=\"elementor-element elementor-element-7110583 elementor-position-top elementor-widget elementor-widget-image-box\" data-id=\"7110583\" data-element_type=\"widget\" data-widget_type=\"image-box.default\">\n\t\t\t\t<div class=\"elementor-widget-container\">\n\t\t\t\t\t<div class=\"elementor-image-box-wrapper\"><figure class=\"elementor-image-box-img\"><img decoding=\"async\" width=\"626\" height=\"417\" src=\"https:\/\/unilog.hr\/wp-content\/uploads\/2025\/02\/unilog-fotografije-2.webp\" class=\"attachment-full size-full wp-image-798\" alt=\"\" srcset=\"https:\/\/unilog.hr\/wp-content\/uploads\/2025\/02\/unilog-fotografije-2.webp 626w, https:\/\/unilog.hr\/wp-content\/uploads\/2025\/02\/unilog-fotografije-2-300x200.webp 300w\" sizes=\"(max-width: 626px) 100vw, 626px\" \/><\/figure><div class=\"elementor-image-box-content\"><h3 class=\"elementor-image-box-title\">Inlandstransport<\/h3><p class=\"elementor-image-box-description\">Wir bieten Transportdienstleistungen f\u00fcr alle Arten von G\u00fctern auf dem Gebiet der Republik Kroatien an. F\u00fcr den Warentransport nutzen wir 94 modern ausgestattete und satellitengest\u00fctzte Fahrzeuge.<\/p><\/div><\/div>\t\t\t\t<\/div>\n\t\t\t\t<\/div>\n\t\t\t\t\t<\/div>\n\t\t<\/div>\n\t\t\t\t<div class=\"has_ae_slider elementor-column elementor-col-33 elementor-top-column elementor-element elementor-element-25b9f5d ae-bg-gallery-type-default\" data-id=\"25b9f5d\" data-element_type=\"column\">\n\t\t\t<div class=\"elementor-widget-wrap elementor-element-populated\">\n\t\t\t\t\t\t<div class=\"elementor-element elementor-element-301c6d8 elementor-position-top elementor-widget elementor-widget-image-box\" data-id=\"301c6d8\" data-element_type=\"widget\" data-widget_type=\"image-box.default\">\n\t\t\t\t<div class=\"elementor-widget-container\">\n\t\t\t\t\t<div class=\"elementor-image-box-wrapper\"><figure class=\"elementor-image-box-img\"><img decoding=\"async\" width=\"1900\" height=\"1267\" src=\"https:\/\/unilog.hr\/wp-content\/uploads\/2025\/02\/unilog-fotografije-3.webp\" class=\"attachment-full size-full wp-image-795\" alt=\"\" srcset=\"https:\/\/unilog.hr\/wp-content\/uploads\/2025\/02\/unilog-fotografije-3.webp 1900w, https:\/\/unilog.hr\/wp-content\/uploads\/2025\/02\/unilog-fotografije-3-300x200.webp 300w, https:\/\/unilog.hr\/wp-content\/uploads\/2025\/02\/unilog-fotografije-3-1024x683.webp 1024w, https:\/\/unilog.hr\/wp-content\/uploads\/2025\/02\/unilog-fotografije-3-768x512.webp 768w, https:\/\/unilog.hr\/wp-content\/uploads\/2025\/02\/unilog-fotografije-3-1536x1024.webp 1536w\" sizes=\"(max-width: 1900px) 100vw, 1900px\" \/><\/figure><div class=\"elementor-image-box-content\"><h3 class=\"elementor-image-box-title\">Internationaler Transport<\/h3><p class=\"elementor-image-box-description\">Eine unserer Dienstleistungen ist der internationale Transport von Ladungen und G\u00fctern aller Art. Wir bieten internationale Transportdienstleistungen in der gesamten Europ\u00e4ischen Union an.<\/p><\/div><\/div>\t\t\t\t<\/div>\n\t\t\t\t<\/div>\n\t\t\t\t\t<\/div>\n\t\t<\/div>\n\t\t\t\t<div class=\"has_ae_slider elementor-column elementor-col-33 elementor-top-column elementor-element elementor-element-e7018ab ae-bg-gallery-type-default\" data-id=\"e7018ab\" data-element_type=\"column\">\n\t\t\t<div class=\"elementor-widget-wrap elementor-element-populated\">\n\t\t\t\t\t\t<div class=\"elementor-element elementor-element-933c298 elementor-position-top elementor-widget elementor-widget-image-box\" data-id=\"933c298\" data-element_type=\"widget\" data-widget_type=\"image-box.default\">\n\t\t\t\t<div class=\"elementor-widget-container\">\n\t\t\t\t\t<div class=\"elementor-image-box-wrapper\"><figure class=\"elementor-image-box-img\"><img decoding=\"async\" width=\"626\" height=\"417\" src=\"https:\/\/unilog.hr\/wp-content\/uploads\/2025\/02\/unilog-fotografije-2.webp\" class=\"attachment-full size-full wp-image-798\" alt=\"\" srcset=\"https:\/\/unilog.hr\/wp-content\/uploads\/2025\/02\/unilog-fotografije-2.webp 626w, https:\/\/unilog.hr\/wp-content\/uploads\/2025\/02\/unilog-fotografije-2-300x200.webp 300w\" sizes=\"(max-width: 626px) 100vw, 626px\" \/><\/figure><div class=\"elementor-image-box-content\"><h3 class=\"elementor-image-box-title\">Lagerung und Logistik<\/h3><p class=\"elementor-image-box-description\">In unserem modern ausgestatteten Lager bieten wir Ihnen die Lagerung verschiedener Warenarten an und unser geschultes und professionelles Personal erm\u00f6glicht eine sichere Lagerung, Sortierung und Verteilung der Waren.<\/p><\/div><\/div>\t\t\t\t<\/div>\n\t\t\t\t<\/div>\n\t\t\t\t\t<\/div>\n\t\t<\/div>\n\t\t\t\t\t<\/div>\n\t\t<\/section>\n\t\t\t\t<\/div>\n\t\t","protected":false},"excerpt":{"rendered":"<p>Startseite \u00dcber uns Unilog d.o.o. ist ein Unternehmen, das erfolgreich im Logistik- und Transportsektor t\u00e4tig ist. Wir sind auf die Bereitstellung von Logistikl\u00f6sungen spezialisiert, die Warentransport, Lagerung und Vertrieb umfassen und auf die Bed\u00fcrfnisse unserer Kunden zugeschnitten sind. Dank langj\u00e4hriger Erfahrung und einem professionellen und engagierten Team k\u00f6nnen wir eine zuverl\u00e4ssige, sichere und p\u00fcnktliche Lieferung [&hellip;]<\/p>\n","protected":false},"author":1,"featured_media":0,"parent":0,"menu_order":0,"comment_status":"closed","ping_status":"closed","template":"","meta":{"footnotes":""},"class_list":["post-1075","page","type-page","status-publish","hentry"],"_links":{"self":[{"href":"https:\/\/unilog.hr\/de\/wp-json\/wp\/v2\/pages\/1075","targetHints":{"allow":["GET"]}}],"collection":[{"href":"https:\/\/unilog.hr\/de\/wp-json\/wp\/v2\/pages"}],"about":[{"href":"https:\/\/unilog.hr\/de\/wp-json\/wp\/v2\/types\/page"}],"author":[{"embeddable":true,"href":"https:\/\/unilog.hr\/de\/wp-json\/wp\/v2\/users\/1"}],"replies":[{"embeddable":true,"href":"https:\/\/unilog.hr\/de\/wp-json\/wp\/v2\/comments?post=1075"}],"version-history":[{"count":3,"href":"https:\/\/unilog.hr\/de\/wp-json\/wp\/v2\/pages\/1075\/revisions"}],"predecessor-version":[{"id":1078,"href":"https:\/\/unilog.hr\/de\/wp-json\/wp\/v2\/pages\/1075\/revisions\/1078"}],"wp:attachment":[{"href":"https:\/\/unilog.hr\/de\/wp-json\/wp\/v2\/media?parent=1075"}],"curies":[{"name":"wp","href":"https:\/\/api.w.org\/{rel}","templated":true}]}}